{"id":520,"date":"2024-12-11T12:32:31","date_gmt":"2024-12-11T12:32:31","guid":{"rendered":"https:\/\/knutespensionat.com\/contact\/"},"modified":"2025-03-31T12:06:07","modified_gmt":"2025-03-31T12:06:07","slug":"contact","status":"publish","type":"page","link":"https:\/\/knutespensionat.com\/en\/contact\/","title":{"rendered":"Contact us"},"content":{"rendered":"<div class=\"wp-block-uagb-container uagb-block-4c857e5d alignfull uagb-is-root-container\"><div class=\"uagb-container-inner-blocks-wrap\">\n<div class=\"wp-block-uagb-advanced-heading uagb-block-b9fc3503\"><h1 class=\"uagb-heading-text\">Contact us<\/h1><\/div>\n<\/div><\/div>\n\n\n\n<div class=\"wp-block-uagb-container uagb-block-ff50f0e4 alignfull uagb-is-root-container\"><div class=\"uagb-container-inner-blocks-wrap\">\n<div class=\"wp-block-uagb-container uagb-block-00962593\">\n<div class=\"wp-block-uagb-info-box uagb-block-6b6c850e uagb-infobox__content-wrap  uagb-infobox-icon-left uagb-infobox-left uagb-infobox-stacked-mobile uagb-infobox-image-valign-top\"><div class=\"uagb-ifb-icon-wrap\"><svg xmlns=\"https:\/\/www.w3.org\/2000\/svg\" viewbox=\"0 0 384 512\"><path d=\"M168.3 499.2C116.1 435 0 279.4 0 192C0 85.96 85.96 0 192 0C298 0 384 85.96 384 192C384 279.4 267 435 215.7 499.2C203.4 514.5 180.6 514.5 168.3 499.2H168.3zM192 256C227.3 256 256 227.3 256 192C256 156.7 227.3 128 192 128C156.7 128 128 156.7 128 192C128 227.3 156.7 256 192 256z\"><\/path><\/svg><\/div><div class=\"uagb-ifb-content\"><div class=\"uagb-ifb-title-wrap\"><h6 class=\"uagb-ifb-title-prefix\">Find us<\/h6><h3 class=\"uagb-ifb-title\">Svansele 112, 936 93 Boliden<\/h3><\/div><div class=\"uagb-ifb-button-wrapper wp-block-button\"><a href=\"https:\/\/www.google.com\/maps\/place\/Knutes+pensionat\/@64.9835312,19.8377665,17z\/data=!3m1!4b1!4m24!1m13!4m12!1m4!2m2!1d17.9404075!2d59.2968948!4e1!1m6!1m2!1s0x467939c4ed02a9c7:0x661532eaff7827f4!2sKnutes+pensionat+Priser!2m2!1d19.8403083!2d64.9835048!3m9!1s0x467939c4ed02a9c7:0x661532eaff7827f4!5m3!1s2024-12-31!4m1!1i2!8m2!3d64.983529!4d19.8403414!16s%2Fg%2F11b73qwfx9?entry=ttu&amp;g_ep=EgoyMDI0MTIxMS4wIKXMDSoASAFQAw%3D%3D\" target=\"_self\" onclick=\"return true;\" class=\"uagb-infobox-cta-link\" rel=\"noopener noreferrer\"><span class=\"uagb-inline-editing\">Find us on Google Maps<\/span><svg xmlns=\"https:\/\/www.w3.org\/2000\/svg\" viewbox=\"0 0 576 512\"><path d=\"M408 120C408 174.6 334.9 271.9 302.8 311.1C295.1 321.6 280.9 321.6 273.2 311.1C241.1 271.9 168 174.6 168 120C168 53.73 221.7 0 288 0C354.3 0 408 53.73 408 120zM288 152C310.1 152 328 134.1 328 112C328 89.91 310.1 72 288 72C265.9 72 248 89.91 248 112C248 134.1 265.9 152 288 152zM425.6 179.8C426.1 178.6 426.6 177.4 427.1 176.1L543.1 129.7C558.9 123.4 576 135 576 152V422.8C576 432.6 570 441.4 560.9 445.1L416 503V200.4C419.5 193.5 422.7 186.7 425.6 179.8zM150.4 179.8C153.3 186.7 156.5 193.5 160 200.4V451.8L32.91 502.7C17.15 508.1 0 497.4 0 480.4V209.6C0 199.8 5.975 190.1 15.09 187.3L137.6 138.3C140 152.5 144.9 166.6 150.4 179.8H150.4zM327.8 331.1C341.7 314.6 363.5 286.3 384 255V504.3L192 449.4V255C212.5 286.3 234.3 314.6 248.2 331.1C268.7 357.6 307.3 357.6 327.8 331.1L327.8 331.1z\"><\/path><\/svg><\/a><\/div><\/div><\/div>\n<\/div>\n\n\n\n<div class=\"wp-block-uagb-container uagb-block-3bdba152\">\n<div class=\"wp-block-uagb-info-box uagb-block-8eff4db8 uagb-infobox__content-wrap  uagb-infobox-icon-left uagb-infobox-left uagb-infobox-stacked-mobile uagb-infobox-image-valign-top\"><div class=\"uagb-ifb-icon-wrap\"><svg xmlns=\"https:\/\/www.w3.org\/2000\/svg\" viewbox=\"0 0 512 512\"><path d=\"M511.2 387l-23.25 100.8c-3.266 14.25-15.79 24.22-30.46 24.22C205.2 512 0 306.8 0 54.5c0-14.66 9.969-27.2 24.22-30.45l100.8-23.25C139.7-2.602 154.7 5.018 160.8 18.92l46.52 108.5c5.438 12.78 1.77 27.67-8.98 36.45L144.5 207.1c33.98 69.22 90.26 125.5 159.5 159.5l44.08-53.8c8.688-10.78 23.69-14.51 36.47-8.975l108.5 46.51C506.1 357.2 514.6 372.4 511.2 387z\"><\/path><\/svg><\/div><div class=\"uagb-ifb-content\"><div class=\"uagb-ifb-title-wrap\"><h6 class=\"uagb-ifb-title-prefix\">Call or email us<\/h6><h3 class=\"uagb-ifb-title\">0915-210 03<\/h3><\/div><div class=\"uagb-ifb-button-wrapper wp-block-button\"><a href=\"mailto:knutes@svansele.com\" target=\"_self\" onclick=\"return true;\" class=\"uagb-infobox-cta-link\" rel=\"noopener noreferrer\"><span class=\"uagb-inline-editing\">knutes@svansele.com<\/span><\/a><\/div><\/div><\/div>\n<\/div>\n\n\n\n<div class=\"wp-block-uagb-container uagb-block-47cf1f7c\">\n<div class=\"wp-block-uagb-advanced-heading uagb-block-c8a53aea\"><h6 class=\"uagb-heading-text\">Check in<\/h6><p class=\"uagb-desc-text\">We don't have a staffed reception, but you'll enter the guesthouse using a key code. All the information about this will, of course, be provided in your booking email.<\/p><\/div>\n<\/div>\n<\/div><\/div>\n\n\n\n<div class=\"wp-block-uagb-container uagb-block-9f67f05c alignfull uagb-is-root-container\"><div class=\"uagb-container-inner-blocks-wrap\"><\/div><\/div>\n\n\n\n<div class=\"wp-block-uagb-container uagb-layout-grid uagb-block-aefda904 alignfull uagb-is-root-container\"><div class=\"uagb-container-inner-blocks-wrap\">\n<div class=\"wp-block-uagb-advanced-heading uagb-block-632d2b4b\"><h2 class=\"uagb-heading-text\">Contact us<\/h2><p class=\"uagb-desc-text\">You can easily book here, but if you have a special booking or would like to combine your stay with activities such as snowmobile tours, we can get back to you with a package price.<\/p><\/div>\n\n\n\n<div class=\"wp-block-uagb-forms uagb-forms__outer-wrap uagb-block-8599dc1c uagb-forms__default-btn\"><form class=\"uagb-forms-main-form\" method=\"post\" autocomplete=\"on\" name=\"uagb-form-8599dc1c\" action=\"\">\n<div class=\"wp-block-uagb-forms-name uagb-forms-name-wrap uagb-forms-field-set uagb-block-24c56da7 uag-col-2\"><div class=\"uagb-forms-name-label required uagb-forms-input-label\" id=\"24c56da7\">First name<\/div><input type=\"text\" placeholder=\"\" required class=\"uagb-forms-name-input uagb-forms-input\" name=\"24c56da7\" autocomplete=\"given-name\"\/><\/div>\n\n\n\n<div class=\"wp-block-uagb-forms-name uagb-forms-name-wrap uagb-forms-field-set uagb-block-15c2a20b uag-col-2\"><div class=\"uagb-forms-name-label required uagb-forms-input-label\" id=\"15c2a20b\">Last name<\/div><input type=\"text\" placeholder=\"\" required class=\"uagb-forms-name-input uagb-forms-input\" name=\"15c2a20b\" autocomplete=\"family-name\"\/><\/div>\n\n\n\n<div class=\"wp-block-uagb-forms-email uagb-forms-email-wrap uagb-forms-field-set uagb-block-f6c8ca4a\"><div class=\"uagb-forms-email-label required uagb-forms-input-label\" id=\"f6c8ca4a\">Email<\/div><input type=\"email\" class=\"uagb-forms-email-input uagb-forms-input\" placeholder=\"\" required name=\"f6c8ca4a\" autocomplete=\"email\"\/><\/div>\n\n\n\n<div class=\"wp-block-uagb-forms-textarea uagb-forms-textarea-wrap uagb-forms-field-set uagb-block-eb8d55c7\"><div class=\"uagb-forms-textarea-label required uagb-forms-input-label\" id=\"eb8d55c7\">Message<\/div><textarea required class=\"uagb-forms-textarea-input uagb-forms-input\" rows=\"4\" placeholder=\"\" name=\"eb8d55c7\" autocomplete=\"off\"><\/textarea><\/div>\n<div class=\"uagb-forms-form-hidden-data\"><input type=\"hidden\" class=\"uagb_forms_form_label\" value=\"Spectra Form\"\/><input type=\"hidden\" class=\"uagb_forms_form_id\" value=\"uagb-form-8599dc1c\"\/><\/div><div class=\"uagb-form-reacaptcha-error-8599dc1c\"><\/div><div class=\"uagb-forms-main-submit-button-wrap wp-block-button\"><button class=\"uagb-forms-main-submit-button wp-block-button__link\"><div class=\"uagb-forms-main-submit-button-text\">Send<\/div><\/button><\/div><input type=\"hidden\" name=\"trp-form-language\" value=\"en\"\/><\/form><div class=\"uagb-forms-success-message-8599dc1c uagb-forms-submit-message-hide\"><span>Your message is sent! We'll get back to you.<\/span><\/div><div class=\"uagb-forms-failed-message-8599dc1c uagb-forms-submit-message-hide\"><span>Det blev tyv\u00e4rr n\u00e5got fel! Testa ring oss p\u00e5 0915-21003 eller maila p\u00e5 info@knutespensionat.com.<\/span><\/div><\/div>\n<\/div><\/div>","protected":false},"excerpt":{"rendered":"<p>Kontakta oss Checka-in Vi har ingen bemannad reception utan du kommer in p\u00e5 pensionatet genom en nyckelkod. All info om detta f\u00e5r du s\u00e5klart i ditt bokningsmail. Kontakt\u200b Boka g\u00f6r du l\u00e4ttast h\u00e4r, men ifall du har en specialbokning eller skulle vilja kombinera vistelsen med till exempel skoterturer s\u00e5 kan vi \u00e5terkomma till dig med [&hellip;]<\/p>\n","protected":false},"author":1,"featured_media":0,"parent":0,"menu_order":0,"comment_status":"closed","ping_status":"closed","template":"","meta":{"_uag_custom_page_level_css":"","site-sidebar-layout":"no-sidebar","site-content-layout":"plain-container","ast-site-content-layout":"normal-width-container","site-content-style":"unboxed","site-sidebar-style":"unboxed","ast-global-header-display":"","ast-banner-title-visibility":"","ast-main-header-display":"","ast-hfb-above-header-display":"","ast-hfb-below-header-display":"","ast-hfb-mobile-header-display":"","site-post-title":"disabled","ast-breadcrumbs-content":"","ast-featured-img":"disabled","footer-sml-layout":"","theme-transparent-header-meta":"enabled","adv-header-id-meta":"","stick-header-meta":"","header-above-stick-meta":"","header-main-stick-meta":"","header-below-stick-meta":"","astra-migrate-meta-layouts":"set","ast-page-background-enabled":"default","ast-page-background-meta":{"desktop":{"background-color":"","background-image":"","background-repeat":"repeat","background-position":"center center","background-size":"auto","background-attachment":"scroll","background-type":"","background-media":"","overlay-type":"","overlay-color":"","overlay-opacity":"","overlay-gradient":""},"tablet":{"background-color":"","background-image":"","background-repeat":"repeat","background-position":"center center","background-size":"auto","background-attachment":"scroll","background-type":"","background-media":"","overlay-type":"","overlay-color":"","overlay-opacity":"","overlay-gradient":""},"mobile":{"background-color":"","background-image":"","background-repeat":"repeat","background-position":"center center","background-size":"auto","background-attachment":"scroll","background-type":"","background-media":"","overlay-type":"","overlay-color":"","overlay-opacity":"","overlay-gradient":""}},"ast-content-background-meta":{"desktop":{"background-color":"var(--ast-global-color-5)","background-image":"","background-repeat":"repeat","background-position":"center center","background-size":"auto","background-attachment":"scroll","background-type":"","background-media":"","overlay-type":"","overlay-color":"","overlay-opacity":"","overlay-gradient":""},"tablet":{"background-color":"var(--ast-global-color-5)","background-image":"","background-repeat":"repeat","background-position":"center center","background-size":"auto","background-attachment":"scroll","background-type":"","background-media":"","overlay-type":"","overlay-color":"","overlay-opacity":"","overlay-gradient":""},"mobile":{"background-color":"var(--ast-global-color-5)","background-image":"","background-repeat":"repeat","background-position":"center center","background-size":"auto","background-attachment":"scroll","background-type":"","background-media":"","overlay-type":"","overlay-color":"","overlay-opacity":"","overlay-gradient":""}},"footnotes":""},"class_list":["post-520","page","type-page","status-publish","hentry"],"yoast_head":"<!-- This site is optimized with the Yoast SEO plugin v25.0 - https:\/\/yoast.com\/wordpress\/plugins\/seo\/ -->\n<title>Kontakta oss - Knutes pensionat<\/title>\n<meta name=\"robots\" content=\"index, follow, max-snippet:-1, max-image-preview:large, max-video-preview:-1\" \/>\n<link rel=\"canonical\" href=\"https:\/\/knutespensionat.com\/en\/contact\/\" \/>\n<meta property=\"og:locale\" content=\"en_GB\" \/>\n<meta property=\"og:type\" content=\"article\" \/>\n<meta property=\"og:title\" content=\"Kontakta oss - Knutes pensionat\" \/>\n<meta property=\"og:description\" content=\"Kontakta oss Checka-in Vi har ingen bemannad reception utan du kommer in p\u00e5 pensionatet genom en nyckelkod. All info om detta f\u00e5r du s\u00e5klart i ditt bokningsmail. Kontakt\u200b Boka g\u00f6r du l\u00e4ttast h\u00e4r, men ifall du har en specialbokning eller skulle vilja kombinera vistelsen med till exempel skoterturer s\u00e5 kan vi \u00e5terkomma till dig med [&hellip;]\" \/>\n<meta property=\"og:url\" content=\"https:\/\/knutespensionat.com\/en\/contact\/\" \/>\n<meta property=\"og:site_name\" content=\"Knutes pensionat\" \/>\n<meta property=\"article:modified_time\" content=\"2025-03-31T12:06:07+00:00\" \/>\n<meta name=\"twitter:card\" content=\"summary_large_image\" \/>\n<meta name=\"twitter:label1\" content=\"Estimated reading time\" \/>\n\t<meta name=\"twitter:data1\" content=\"1 minute\" \/>\n<script type=\"application\/ld+json\" class=\"yoast-schema-graph\">{\"@context\":\"https:\/\/schema.org\",\"@graph\":[{\"@type\":\"WebPage\",\"@id\":\"https:\/\/knutespensionat.com\/contact\/\",\"url\":\"https:\/\/knutespensionat.com\/contact\/\",\"name\":\"Kontakta oss - Knutes pensionat\",\"isPartOf\":{\"@id\":\"https:\/\/knutespensionat.com\/#website\"},\"datePublished\":\"2024-12-11T12:32:31+00:00\",\"dateModified\":\"2025-03-31T12:06:07+00:00\",\"breadcrumb\":{\"@id\":\"https:\/\/knutespensionat.com\/contact\/#breadcrumb\"},\"inLanguage\":\"en-GB\",\"potentialAction\":[{\"@type\":\"ReadAction\",\"target\":[\"https:\/\/knutespensionat.com\/contact\/\"]}]},{\"@type\":\"BreadcrumbList\",\"@id\":\"https:\/\/knutespensionat.com\/contact\/#breadcrumb\",\"itemListElement\":[{\"@type\":\"ListItem\",\"position\":1,\"name\":\"Hem\",\"item\":\"https:\/\/knutespensionat.com\/\"},{\"@type\":\"ListItem\",\"position\":2,\"name\":\"Kontakta oss\"}]},{\"@type\":\"WebSite\",\"@id\":\"https:\/\/knutespensionat.com\/#website\",\"url\":\"https:\/\/knutespensionat.com\/\",\"name\":\"Knutes pensionat\",\"description\":\"\",\"publisher\":{\"@id\":\"https:\/\/knutespensionat.com\/#organization\"},\"potentialAction\":[{\"@type\":\"SearchAction\",\"target\":{\"@type\":\"EntryPoint\",\"urlTemplate\":\"https:\/\/knutespensionat.com\/?s={search_term_string}\"},\"query-input\":{\"@type\":\"PropertyValueSpecification\",\"valueRequired\":true,\"valueName\":\"search_term_string\"}}],\"inLanguage\":\"en-GB\"},{\"@type\":\"Organization\",\"@id\":\"https:\/\/knutespensionat.com\/#organization\",\"name\":\"Knutes pensionat\",\"url\":\"https:\/\/knutespensionat.com\/\",\"logo\":{\"@type\":\"ImageObject\",\"inLanguage\":\"en-GB\",\"@id\":\"https:\/\/knutespensionat.com\/#\/schema\/logo\/image\/\",\"url\":\"https:\/\/knutespensionat.com\/wp-content\/uploads\/2024\/12\/cropped-knutes.png\",\"contentUrl\":\"https:\/\/knutespensionat.com\/wp-content\/uploads\/2024\/12\/cropped-knutes.png\",\"width\":600,\"height\":600,\"caption\":\"Knutes pensionat\"},\"image\":{\"@id\":\"https:\/\/knutespensionat.com\/#\/schema\/logo\/image\/\"}}]}<\/script>\n<!-- \/ Yoast SEO plugin. -->","yoast_head_json":{"title":"Kontakta oss - Knutes pensionat","robots":{"index":"index","follow":"follow","max-snippet":"max-snippet:-1","max-image-preview":"max-image-preview:large","max-video-preview":"max-video-preview:-1"},"canonical":"https:\/\/knutespensionat.com\/en\/contact\/","og_locale":"en_GB","og_type":"article","og_title":"Kontakta oss - Knutes pensionat","og_description":"Kontakta oss Checka-in Vi har ingen bemannad reception utan du kommer in p\u00e5 pensionatet genom en nyckelkod. All info om detta f\u00e5r du s\u00e5klart i ditt bokningsmail. Kontakt\u200b Boka g\u00f6r du l\u00e4ttast h\u00e4r, men ifall du har en specialbokning eller skulle vilja kombinera vistelsen med till exempel skoterturer s\u00e5 kan vi \u00e5terkomma till dig med [&hellip;]","og_url":"https:\/\/knutespensionat.com\/en\/contact\/","og_site_name":"Knutes pensionat","article_modified_time":"2025-03-31T12:06:07+00:00","twitter_card":"summary_large_image","twitter_misc":{"Estimated reading time":"1 minute"},"schema":{"@context":"https:\/\/schema.org","@graph":[{"@type":"WebPage","@id":"https:\/\/knutespensionat.com\/contact\/","url":"https:\/\/knutespensionat.com\/contact\/","name":"Kontakta oss - Knutes pensionat","isPartOf":{"@id":"https:\/\/knutespensionat.com\/#website"},"datePublished":"2024-12-11T12:32:31+00:00","dateModified":"2025-03-31T12:06:07+00:00","breadcrumb":{"@id":"https:\/\/knutespensionat.com\/contact\/#breadcrumb"},"inLanguage":"en-GB","potentialAction":[{"@type":"ReadAction","target":["https:\/\/knutespensionat.com\/contact\/"]}]},{"@type":"BreadcrumbList","@id":"https:\/\/knutespensionat.com\/contact\/#breadcrumb","itemListElement":[{"@type":"ListItem","position":1,"name":"Hem","item":"https:\/\/knutespensionat.com\/"},{"@type":"ListItem","position":2,"name":"Kontakta oss"}]},{"@type":"WebSite","@id":"https:\/\/knutespensionat.com\/#website","url":"https:\/\/knutespensionat.com\/","name":"Knutes pensionat","description":"","publisher":{"@id":"https:\/\/knutespensionat.com\/#organization"},"potentialAction":[{"@type":"SearchAction","target":{"@type":"EntryPoint","urlTemplate":"https:\/\/knutespensionat.com\/?s={search_term_string}"},"query-input":{"@type":"PropertyValueSpecification","valueRequired":true,"valueName":"search_term_string"}}],"inLanguage":"en-GB"},{"@type":"Organization","@id":"https:\/\/knutespensionat.com\/#organization","name":"Knutes pensionat","url":"https:\/\/knutespensionat.com\/","logo":{"@type":"ImageObject","inLanguage":"en-GB","@id":"https:\/\/knutespensionat.com\/#\/schema\/logo\/image\/","url":"https:\/\/knutespensionat.com\/wp-content\/uploads\/2024\/12\/cropped-knutes.png","contentUrl":"https:\/\/knutespensionat.com\/wp-content\/uploads\/2024\/12\/cropped-knutes.png","width":600,"height":600,"caption":"Knutes pensionat"},"image":{"@id":"https:\/\/knutespensionat.com\/#\/schema\/logo\/image\/"}}]}},"uagb_featured_image_src":{"full":false,"thumbnail":false,"medium":false,"medium_large":false,"large":false,"1536x1536":false,"2048x2048":false,"trp-custom-language-flag":false},"uagb_author_info":{"display_name":"admin","author_link":"https:\/\/knutespensionat.com\/en\/author\/admin\/"},"uagb_comment_info":0,"uagb_excerpt":"Kontakta oss Checka-in Vi har ingen bemannad reception utan du kommer in p\u00e5 pensionatet genom en nyckelkod. All info om detta f\u00e5r du s\u00e5klart i ditt bokningsmail. Kontakt\u200b Boka g\u00f6r du l\u00e4ttast h\u00e4r, men ifall du har en specialbokning eller skulle vilja kombinera vistelsen med till exempel skoterturer s\u00e5 kan vi \u00e5terkomma till dig med&hellip;","_links":{"self":[{"href":"https:\/\/knutespensionat.com\/en\/wp-json\/wp\/v2\/pages\/520","targetHints":{"allow":["GET"]}}],"collection":[{"href":"https:\/\/knutespensionat.com\/en\/wp-json\/wp\/v2\/pages"}],"about":[{"href":"https:\/\/knutespensionat.com\/en\/wp-json\/wp\/v2\/types\/page"}],"author":[{"embeddable":true,"href":"https:\/\/knutespensionat.com\/en\/wp-json\/wp\/v2\/users\/1"}],"replies":[{"embeddable":true,"href":"https:\/\/knutespensionat.com\/en\/wp-json\/wp\/v2\/comments?post=520"}],"version-history":[{"count":27,"href":"https:\/\/knutespensionat.com\/en\/wp-json\/wp\/v2\/pages\/520\/revisions"}],"predecessor-version":[{"id":1764,"href":"https:\/\/knutespensionat.com\/en\/wp-json\/wp\/v2\/pages\/520\/revisions\/1764"}],"wp:attachment":[{"href":"https:\/\/knutespensionat.com\/en\/wp-json\/wp\/v2\/media?parent=520"}],"curies":[{"name":"wp","href":"https:\/\/api.w.org\/{rel}","templated":true}]}}