{"id":516,"date":"2024-12-11T12:32:30","date_gmt":"2024-12-11T12:32:30","guid":{"rendered":"https:\/\/knutespensionat.com\/about\/"},"modified":"2025-11-14T12:53:27","modified_gmt":"2025-11-14T12:53:27","slug":"about","status":"publish","type":"page","link":"https:\/\/knutespensionat.com\/en\/about\/","title":{"rendered":"About Knutes"},"content":{"rendered":"<div class=\"wp-block-uagb-container uagb-block-d31c6877 alignfull uagb-is-root-container\"><div class=\"uagb-container-inner-blocks-wrap\">\n<div class=\"wp-block-uagb-advanced-heading uagb-block-a1aeb7d8\"><h1 class=\"uagb-heading-text\">About Us<\/h1><\/div>\n<\/div><\/div>\n\n\n\n<div class=\"wp-block-uagb-container uagb-block-nthkfyxd alignfull uagb-is-root-container\"><div class=\"uagb-container-inner-blocks-wrap\">\n<div class=\"wp-block-uagb-info-box uagb-block-fjhabbkw uagb-infobox__content-wrap  uagb-infobox-icon-above-title uagb-infobox-image-valign-top\"><div class=\"uagb-ifb-content\"><div class=\"uagb-ifb-title-wrap\"><p class=\"uagb-ifb-title-prefix\">Our Story<\/p><h2 class=\"uagb-ifb-title\">L\u00e4r k\u00e4nna oss.<\/h2><\/div><\/div><\/div>\n\n\n\n<div class=\"wp-block-uagb-container uagb-block-h8n5jgqt alignfull uagb-is-root-container\"><div class=\"uagb-container-inner-blocks-wrap\">\n<div class=\"wp-block-uagb-image alignleft uagb-block-g8snz83e wp-block-uagb-image--layout-default wp-block-uagb-image--effect-static wp-block-uagb-image--align-left\"><figure class=\"wp-block-uagb-image__figure\"><img decoding=\"async\" srcset=\"https:\/\/knutespensionat.com\/wp-content\/uploads\/2025\/07\/details6-678x1024.jpg ,https:\/\/knutespensionat.com\/wp-content\/uploads\/2025\/07\/details6.jpg 780w, https:\/\/knutespensionat.com\/wp-content\/uploads\/2025\/07\/details6.jpg 360w\" sizes=\"auto, (max-width: 480px) 150px\" src=\"https:\/\/knutespensionat.com\/wp-content\/uploads\/2025\/07\/details6-678x1024.jpg\" alt=\"\" class=\"uag-image-1836\" width=\"367\" height=\"400\" title=\"details6\" loading=\"lazy\" role=\"img\"\/><\/figure><\/div>\n\n\n\n<div class=\"wp-block-uagb-container uagb-block-fz7ryjhw\">\n<div class=\"wp-block-uagb-info-box uagb-block-khvx9lxb uagb-infobox__content-wrap  uagb-infobox-icon-above-title uagb-infobox-image-valign-top\"><div class=\"uagb-ifb-content\"><div class=\"uagb-ifb-title-wrap\"><h3 class=\"uagb-ifb-title\">V\u00e4lkommen till Knutes Pensionat i Svansele - ett rofyllt boende vackert bel\u00e4get vid Skellefte\u00e4lven.<\/h3><\/div><p class=\"uagb-ifb-desc\">Knutes Pensionat \u00e4r ett och bekv\u00e4mt pensionat i natursk\u00f6na Svansele. Du hittar oss p\u00e5 en grusv\u00e4g precis intill \u00e4lven. Vi har totalt \u00e5tta rum f\u00f6rdelat p\u00e5 tv\u00e5 v\u00e5ningar, och varje v\u00e5ning har ett k\u00f6k med sittplatser. Alla rum har skrivbord, TV och eget badrum.<br><br>Bastu i huset ing\u00e5r, men du kan ocks\u00e5 boka v\u00e5r fina bastu precis vid \u00e4lven med badm\u00f6jlighet. Perfekt f\u00f6r avkoppling n\u00e4ra naturen!<\/p><\/div><\/div>\n\n\n\n<div class=\"wp-block-uagb-buttons uagb-buttons__outer-wrap uagb-btn__default-btn uagb-btn-tablet__default-btn uagb-btn-mobile__default-btn uagb-block-lgcktije\"><div class=\"uagb-buttons__wrap uagb-buttons-layout-wrap\">\n<div class=\"wp-block-uagb-buttons-child uagb-buttons__outer-wrap uagb-block-pgg5w3kl wp-block-button\"><div class=\"uagb-button__wrapper\"><a class=\"uagb-buttons-repeater wp-block-button__link\" aria-label=\"\" href=\"#\" rel=\"follow noopener\" target=\"_self\" role=\"button\"><div class=\"uagb-button__link\">v\u00e5ra rum<\/div><span class=\"uagb-button__icon uagb-button__icon-position-after\"><svg xmlns=\"https:\/\/www.w3.org\/2000\/svg\" viewbox=\"0 0 320 512\" aria-hidden=\"true\" focussable=\"false\"><path d=\"M96 480c-8.188 0-16.38-3.125-22.62-9.375c-12.5-12.5-12.5-32.75 0-45.25L242.8 256L73.38 86.63c-12.5-12.5-12.5-32.75 0-45.25s32.75-12.5 45.25 0l192 192c12.5 12.5 12.5 32.75 0 45.25l-192 192C112.4 476.9 104.2 480 96 480z\"><\/path><\/svg><\/span><\/a><\/div><\/div>\n<\/div><\/div>\n\n\n\n<div class=\"wp-block-uagb-buttons uagb-buttons__outer-wrap uagb-btn__default-btn uagb-btn-tablet__default-btn uagb-btn-mobile__default-btn uagb-block-e88e64ae\"><div class=\"uagb-buttons__wrap uagb-buttons-layout-wrap\">\n<div class=\"wp-block-uagb-buttons-child uagb-buttons__outer-wrap uagb-block-9b444653 wp-block-button\"><div class=\"uagb-button__wrapper\"><a class=\"uagb-buttons-repeater wp-block-button__link\" aria-label=\"\" href=\"#\" rel=\"follow noopener\" target=\"_self\" role=\"button\"><div class=\"uagb-button__link\">v\u00e5ra rum<\/div><span class=\"uagb-button__icon uagb-button__icon-position-after\"><svg xmlns=\"https:\/\/www.w3.org\/2000\/svg\" viewbox=\"0 0 320 512\" aria-hidden=\"true\" focussable=\"false\"><path d=\"M96 480c-8.188 0-16.38-3.125-22.62-9.375c-12.5-12.5-12.5-32.75 0-45.25L242.8 256L73.38 86.63c-12.5-12.5-12.5-32.75 0-45.25s32.75-12.5 45.25 0l192 192c12.5 12.5 12.5 32.75 0 45.25l-192 192C112.4 476.9 104.2 480 96 480z\"><\/path><\/svg><\/span><\/a><\/div><\/div>\n<\/div><\/div>\n<\/div>\n<\/div><\/div>\n<\/div><\/div>\n\n\n\n<div class=\"wp-block-uagb-container uagb-block-1ymeuhqe alignfull uagb-is-root-container\"><div class=\"uagb-container-inner-blocks-wrap\">\n<div class=\"wp-block-uagb-container uagb-block-69tsei16\">\n<div class=\"wp-block-uagb-image alignleft uagb-block-tikytq90 wp-block-uagb-image--layout-default wp-block-uagb-image--effect-static wp-block-uagb-image--align-left\"><figure class=\"wp-block-uagb-image__figure\"><img decoding=\"async\" srcset=\"https:\/\/knutespensionat.com\/wp-content\/uploads\/2024\/12\/bastu-1024x709.jpg ,https:\/\/knutespensionat.com\/wp-content\/uploads\/2024\/12\/bastu-scaled.jpg 780w, https:\/\/knutespensionat.com\/wp-content\/uploads\/2024\/12\/bastu-scaled.jpg 360w\" sizes=\"auto, (max-width: 480px) 150px\" src=\"https:\/\/knutespensionat.com\/wp-content\/uploads\/2024\/12\/bastu-1024x709.jpg\" alt=\"\" class=\"uag-image-1431\" width=\"384\" height=\"384\" title=\"bastu\" loading=\"lazy\" role=\"img\"\/><\/figure><\/div>\n\n\n\n<div class=\"wp-block-uagb-image alignleft uagb-block-8x5zsjmm wp-block-uagb-image--layout-default wp-block-uagb-image--effect-static wp-block-uagb-image--align-left\"><figure class=\"wp-block-uagb-image__figure\"><img decoding=\"async\" srcset=\"https:\/\/knutespensionat.com\/wp-content\/uploads\/2024\/12\/DSC00402-1024x695.jpg ,https:\/\/knutespensionat.com\/wp-content\/uploads\/2024\/12\/DSC00402-scaled.jpg 780w, https:\/\/knutespensionat.com\/wp-content\/uploads\/2024\/12\/DSC00402-scaled.jpg 360w\" sizes=\"auto, (max-width: 480px) 150px\" src=\"https:\/\/knutespensionat.com\/wp-content\/uploads\/2024\/12\/DSC00402-1024x695.jpg\" alt=\"\" class=\"uag-image-1405\" width=\"384\" height=\"512\" title=\"DSC00402\" loading=\"lazy\" role=\"img\"\/><\/figure><\/div>\n<\/div>\n\n\n\n<div class=\"wp-block-uagb-container uagb-block-ymz36ihh\">\n<div class=\"wp-block-uagb-image alignleft uagb-block-5ubnqlo0 wp-block-uagb-image--layout-default wp-block-uagb-image--effect-static wp-block-uagb-image--align-left\"><figure class=\"wp-block-uagb-image__figure\"><img decoding=\"async\" srcset=\"https:\/\/knutespensionat.com\/wp-content\/uploads\/2024\/12\/DJI_0223-1024x683.jpg ,https:\/\/knutespensionat.com\/wp-content\/uploads\/2024\/12\/DJI_0223-scaled.jpg 780w, https:\/\/knutespensionat.com\/wp-content\/uploads\/2024\/12\/DJI_0223-scaled.jpg 360w\" sizes=\"auto, (max-width: 480px) 150px\" src=\"https:\/\/knutespensionat.com\/wp-content\/uploads\/2024\/12\/DJI_0223-1024x683.jpg\" alt=\"\" class=\"uag-image-1441\" width=\"384\" height=\"308\" title=\"DJI_0223\" loading=\"lazy\" role=\"img\"\/><\/figure><\/div>\n\n\n\n<div class=\"wp-block-uagb-image alignleft uagb-block-t3z8s83e wp-block-uagb-image--layout-default wp-block-uagb-image--effect-static wp-block-uagb-image--align-left\"><figure class=\"wp-block-uagb-image__figure\"><img decoding=\"async\" srcset=\"https:\/\/knutespensionat.com\/wp-content\/uploads\/2024\/12\/rum-1024x715.jpg ,https:\/\/knutespensionat.com\/wp-content\/uploads\/2024\/12\/rum-scaled.jpg 780w, https:\/\/knutespensionat.com\/wp-content\/uploads\/2024\/12\/rum-scaled.jpg 360w\" sizes=\"auto, (max-width: 480px) 150px\" src=\"https:\/\/knutespensionat.com\/wp-content\/uploads\/2024\/12\/rum-1024x715.jpg\" alt=\"\" class=\"uag-image-1433\" width=\"384\" height=\"384\" title=\"rum\" loading=\"lazy\" role=\"img\"\/><\/figure><\/div>\n\n\n\n<div class=\"wp-block-uagb-image alignleft uagb-block-5wmrhmfa wp-block-uagb-image--layout-default wp-block-uagb-image--effect-static wp-block-uagb-image--align-left\"><figure class=\"wp-block-uagb-image__figure\"><img decoding=\"async\" srcset=\"https:\/\/knutespensionat.com\/wp-content\/uploads\/2024\/12\/DJI_0091-1024x682.jpg ,https:\/\/knutespensionat.com\/wp-content\/uploads\/2024\/12\/DJI_0091-scaled.jpg 780w, https:\/\/knutespensionat.com\/wp-content\/uploads\/2024\/12\/DJI_0091-scaled.jpg 360w\" sizes=\"auto, (max-width: 480px) 150px\" src=\"https:\/\/knutespensionat.com\/wp-content\/uploads\/2024\/12\/DJI_0091-1024x682.jpg\" alt=\"\" class=\"uag-image-1440\" width=\"384\" height=\"288\" title=\"DJI_0091\" loading=\"lazy\" role=\"img\"\/><\/figure><\/div>\n<\/div>\n\n\n\n<div class=\"wp-block-uagb-container uagb-block-fz2t4dud\">\n<div class=\"wp-block-uagb-image alignleft uagb-block-cngwcbj3 wp-block-uagb-image--layout-default wp-block-uagb-image--effect-static wp-block-uagb-image--align-left\"><figure class=\"wp-block-uagb-image__figure\"><img decoding=\"async\" srcset=\"https:\/\/knutespensionat.com\/wp-content\/uploads\/2024\/12\/2011-03-20-11.46.59-1-1024x665.jpg ,https:\/\/knutespensionat.com\/wp-content\/uploads\/2024\/12\/2011-03-20-11.46.59-1.jpg 780w, https:\/\/knutespensionat.com\/wp-content\/uploads\/2024\/12\/2011-03-20-11.46.59-1.jpg 360w\" sizes=\"auto, (max-width: 480px) 150px\" src=\"https:\/\/knutespensionat.com\/wp-content\/uploads\/2024\/12\/2011-03-20-11.46.59-1-1024x665.jpg\" alt=\"\" class=\"uag-image-1436\" width=\"384\" height=\"481\" title=\"2011-03-20 11.46.59-1\" loading=\"lazy\" role=\"img\"\/><\/figure><\/div>\n\n\n\n<div class=\"wp-block-uagb-image uagb-block-rzoy39qa wp-block-uagb-image--layout-default wp-block-uagb-image--effect-static wp-block-uagb-image--align-none\"><figure class=\"wp-block-uagb-image__figure\"><img decoding=\"async\" srcset=\"https:\/\/knutespensionat.com\/wp-content\/uploads\/2024\/12\/2016-01-24-23.51.12-1024x370.jpg ,https:\/\/knutespensionat.com\/wp-content\/uploads\/2024\/12\/2016-01-24-23.51.12-scaled.jpg 780w, https:\/\/knutespensionat.com\/wp-content\/uploads\/2024\/12\/2016-01-24-23.51.12-scaled.jpg 360w\" sizes=\"auto, (max-width: 480px) 150px\" src=\"https:\/\/knutespensionat.com\/wp-content\/uploads\/2024\/12\/2016-01-24-23.51.12-1024x370.jpg\" alt=\"\" class=\"uag-image-1485\" width=\"384\" height=\"384\" title=\"2016-01-24 23.51.12\" loading=\"lazy\" role=\"img\"\/><\/figure><\/div>\n<\/div>\n<\/div><\/div>\n\n\n\n<div class=\"wp-block-uagb-container uagb-block-9culuquv alignfull uagb-is-root-container\"><div class=\"uagb-container-inner-blocks-wrap\"><\/div><\/div>","protected":false},"excerpt":{"rendered":"<p>About Us<\/p>","protected":false},"author":1,"featured_media":0,"parent":0,"menu_order":0,"comment_status":"closed","ping_status":"closed","template":"","meta":{"_uag_custom_page_level_css":"","site-sidebar-layout":"no-sidebar","site-content-layout":"plain-container","ast-site-content-layout":"normal-width-container","site-content-style":"unboxed","site-sidebar-style":"unboxed","ast-global-header-display":"","ast-banner-title-visibility":"","ast-main-header-display":"","ast-hfb-above-header-display":"","ast-hfb-below-header-display":"","ast-hfb-mobile-header-display":"","site-post-title":"disabled","ast-breadcrumbs-content":"","ast-featured-img":"disabled","footer-sml-layout":"","theme-transparent-header-meta":"enabled","adv-header-id-meta":"","stick-header-meta":"","header-above-stick-meta":"","header-main-stick-meta":"","header-below-stick-meta":"","astra-migrate-meta-layouts":"set","ast-page-background-enabled":"default","ast-page-background-meta":{"desktop":{"background-color":"","background-image":"","background-repeat":"repeat","background-position":"center center","background-size":"auto","background-attachment":"scroll","background-type":"","background-media":"","overlay-type":"","overlay-color":"","overlay-opacity":"","overlay-gradient":""},"tablet":{"background-color":"","background-image":"","background-repeat":"repeat","background-position":"center center","background-size":"auto","background-attachment":"scroll","background-type":"","background-media":"","overlay-type":"","overlay-color":"","overlay-opacity":"","overlay-gradient":""},"mobile":{"background-color":"","background-image":"","background-repeat":"repeat","background-position":"center center","background-size":"auto","background-attachment":"scroll","background-type":"","background-media":"","overlay-type":"","overlay-color":"","overlay-opacity":"","overlay-gradient":""}},"ast-content-background-meta":{"desktop":{"background-color":"var(--ast-global-color-5)","background-image":"","background-repeat":"repeat","background-position":"center center","background-size":"auto","background-attachment":"scroll","background-type":"","background-media":"","overlay-type":"","overlay-color":"","overlay-opacity":"","overlay-gradient":""},"tablet":{"background-color":"var(--ast-global-color-5)","background-image":"","background-repeat":"repeat","background-position":"center center","background-size":"auto","background-attachment":"scroll","background-type":"","background-media":"","overlay-type":"","overlay-color":"","overlay-opacity":"","overlay-gradient":""},"mobile":{"background-color":"var(--ast-global-color-5)","background-image":"","background-repeat":"repeat","background-position":"center center","background-size":"auto","background-attachment":"scroll","background-type":"","background-media":"","overlay-type":"","overlay-color":"","overlay-opacity":"","overlay-gradient":""}},"footnotes":""},"class_list":["post-516","page","type-page","status-publish","hentry"],"yoast_head":"<!-- This site is optimized with the Yoast SEO plugin v25.0 - https:\/\/yoast.com\/wordpress\/plugins\/seo\/ -->\n<title>Om Knutes - Knutes pensionat<\/title>\n<meta name=\"robots\" content=\"index, follow, max-snippet:-1, max-image-preview:large, max-video-preview:-1\" \/>\n<link rel=\"canonical\" href=\"https:\/\/knutespensionat.com\/en\/about\/\" \/>\n<meta property=\"og:locale\" content=\"en_GB\" \/>\n<meta property=\"og:type\" content=\"article\" \/>\n<meta property=\"og:title\" content=\"Om Knutes - Knutes pensionat\" \/>\n<meta property=\"og:description\" content=\"Om oss\" \/>\n<meta property=\"og:url\" content=\"https:\/\/knutespensionat.com\/en\/about\/\" \/>\n<meta property=\"og:site_name\" content=\"Knutes pensionat\" \/>\n<meta property=\"article:modified_time\" content=\"2025-11-14T12:53:27+00:00\" \/>\n<meta property=\"og:image\" content=\"https:\/\/knutespensionat.com\/wp-content\/uploads\/2025\/07\/details6-678x1024.jpg\" \/>\n<meta name=\"twitter:card\" content=\"summary_large_image\" \/>\n<meta name=\"twitter:label1\" content=\"Estimated reading time\" \/>\n\t<meta name=\"twitter:data1\" content=\"3 minutes\" \/>\n<script type=\"application\/ld+json\" class=\"yoast-schema-graph\">{\"@context\":\"https:\/\/schema.org\",\"@graph\":[{\"@type\":\"WebPage\",\"@id\":\"https:\/\/knutespensionat.com\/about\/\",\"url\":\"https:\/\/knutespensionat.com\/about\/\",\"name\":\"Om Knutes - Knutes pensionat\",\"isPartOf\":{\"@id\":\"https:\/\/knutespensionat.com\/#website\"},\"primaryImageOfPage\":{\"@id\":\"https:\/\/knutespensionat.com\/about\/#primaryimage\"},\"image\":{\"@id\":\"https:\/\/knutespensionat.com\/about\/#primaryimage\"},\"thumbnailUrl\":\"https:\/\/knutespensionat.com\/wp-content\/uploads\/2025\/07\/details6-678x1024.jpg\",\"datePublished\":\"2024-12-11T12:32:30+00:00\",\"dateModified\":\"2025-11-14T12:53:27+00:00\",\"breadcrumb\":{\"@id\":\"https:\/\/knutespensionat.com\/about\/#breadcrumb\"},\"inLanguage\":\"en-GB\",\"potentialAction\":[{\"@type\":\"ReadAction\",\"target\":[\"https:\/\/knutespensionat.com\/about\/\"]}]},{\"@type\":\"ImageObject\",\"inLanguage\":\"en-GB\",\"@id\":\"https:\/\/knutespensionat.com\/about\/#primaryimage\",\"url\":\"https:\/\/knutespensionat.com\/wp-content\/uploads\/2025\/07\/details6-678x1024.jpg\",\"contentUrl\":\"https:\/\/knutespensionat.com\/wp-content\/uploads\/2025\/07\/details6-678x1024.jpg\"},{\"@type\":\"BreadcrumbList\",\"@id\":\"https:\/\/knutespensionat.com\/about\/#breadcrumb\",\"itemListElement\":[{\"@type\":\"ListItem\",\"position\":1,\"name\":\"Hem\",\"item\":\"https:\/\/knutespensionat.com\/\"},{\"@type\":\"ListItem\",\"position\":2,\"name\":\"Om Knutes\"}]},{\"@type\":\"WebSite\",\"@id\":\"https:\/\/knutespensionat.com\/#website\",\"url\":\"https:\/\/knutespensionat.com\/\",\"name\":\"Knutes pensionat\",\"description\":\"\",\"publisher\":{\"@id\":\"https:\/\/knutespensionat.com\/#organization\"},\"potentialAction\":[{\"@type\":\"SearchAction\",\"target\":{\"@type\":\"EntryPoint\",\"urlTemplate\":\"https:\/\/knutespensionat.com\/?s={search_term_string}\"},\"query-input\":{\"@type\":\"PropertyValueSpecification\",\"valueRequired\":true,\"valueName\":\"search_term_string\"}}],\"inLanguage\":\"en-GB\"},{\"@type\":\"Organization\",\"@id\":\"https:\/\/knutespensionat.com\/#organization\",\"name\":\"Knutes pensionat\",\"url\":\"https:\/\/knutespensionat.com\/\",\"logo\":{\"@type\":\"ImageObject\",\"inLanguage\":\"en-GB\",\"@id\":\"https:\/\/knutespensionat.com\/#\/schema\/logo\/image\/\",\"url\":\"https:\/\/knutespensionat.com\/wp-content\/uploads\/2024\/12\/cropped-knutes.png\",\"contentUrl\":\"https:\/\/knutespensionat.com\/wp-content\/uploads\/2024\/12\/cropped-knutes.png\",\"width\":600,\"height\":600,\"caption\":\"Knutes pensionat\"},\"image\":{\"@id\":\"https:\/\/knutespensionat.com\/#\/schema\/logo\/image\/\"}}]}<\/script>\n<!-- \/ Yoast SEO plugin. -->","yoast_head_json":{"title":"Om Knutes - Knutes pensionat","robots":{"index":"index","follow":"follow","max-snippet":"max-snippet:-1","max-image-preview":"max-image-preview:large","max-video-preview":"max-video-preview:-1"},"canonical":"https:\/\/knutespensionat.com\/en\/about\/","og_locale":"en_GB","og_type":"article","og_title":"Om Knutes - Knutes pensionat","og_description":"Om oss","og_url":"https:\/\/knutespensionat.com\/en\/about\/","og_site_name":"Knutes pensionat","article_modified_time":"2025-11-14T12:53:27+00:00","og_image":[{"url":"https:\/\/knutespensionat.com\/wp-content\/uploads\/2025\/07\/details6-678x1024.jpg","type":"","width":"","height":""}],"twitter_card":"summary_large_image","twitter_misc":{"Estimated reading time":"3 minutes"},"schema":{"@context":"https:\/\/schema.org","@graph":[{"@type":"WebPage","@id":"https:\/\/knutespensionat.com\/about\/","url":"https:\/\/knutespensionat.com\/about\/","name":"Om Knutes - Knutes pensionat","isPartOf":{"@id":"https:\/\/knutespensionat.com\/#website"},"primaryImageOfPage":{"@id":"https:\/\/knutespensionat.com\/about\/#primaryimage"},"image":{"@id":"https:\/\/knutespensionat.com\/about\/#primaryimage"},"thumbnailUrl":"https:\/\/knutespensionat.com\/wp-content\/uploads\/2025\/07\/details6-678x1024.jpg","datePublished":"2024-12-11T12:32:30+00:00","dateModified":"2025-11-14T12:53:27+00:00","breadcrumb":{"@id":"https:\/\/knutespensionat.com\/about\/#breadcrumb"},"inLanguage":"en-GB","potentialAction":[{"@type":"ReadAction","target":["https:\/\/knutespensionat.com\/about\/"]}]},{"@type":"ImageObject","inLanguage":"en-GB","@id":"https:\/\/knutespensionat.com\/about\/#primaryimage","url":"https:\/\/knutespensionat.com\/wp-content\/uploads\/2025\/07\/details6-678x1024.jpg","contentUrl":"https:\/\/knutespensionat.com\/wp-content\/uploads\/2025\/07\/details6-678x1024.jpg"},{"@type":"BreadcrumbList","@id":"https:\/\/knutespensionat.com\/about\/#breadcrumb","itemListElement":[{"@type":"ListItem","position":1,"name":"Hem","item":"https:\/\/knutespensionat.com\/"},{"@type":"ListItem","position":2,"name":"Om Knutes"}]},{"@type":"WebSite","@id":"https:\/\/knutespensionat.com\/#website","url":"https:\/\/knutespensionat.com\/","name":"Knutes pensionat","description":"","publisher":{"@id":"https:\/\/knutespensionat.com\/#organization"},"potentialAction":[{"@type":"SearchAction","target":{"@type":"EntryPoint","urlTemplate":"https:\/\/knutespensionat.com\/?s={search_term_string}"},"query-input":{"@type":"PropertyValueSpecification","valueRequired":true,"valueName":"search_term_string"}}],"inLanguage":"en-GB"},{"@type":"Organization","@id":"https:\/\/knutespensionat.com\/#organization","name":"Knutes pensionat","url":"https:\/\/knutespensionat.com\/","logo":{"@type":"ImageObject","inLanguage":"en-GB","@id":"https:\/\/knutespensionat.com\/#\/schema\/logo\/image\/","url":"https:\/\/knutespensionat.com\/wp-content\/uploads\/2024\/12\/cropped-knutes.png","contentUrl":"https:\/\/knutespensionat.com\/wp-content\/uploads\/2024\/12\/cropped-knutes.png","width":600,"height":600,"caption":"Knutes pensionat"},"image":{"@id":"https:\/\/knutespensionat.com\/#\/schema\/logo\/image\/"}}]}},"uagb_featured_image_src":{"full":false,"thumbnail":false,"medium":false,"medium_large":false,"large":false,"1536x1536":false,"2048x2048":false,"trp-custom-language-flag":false},"uagb_author_info":{"display_name":"admin","author_link":"https:\/\/knutespensionat.com\/en\/author\/admin\/"},"uagb_comment_info":0,"uagb_excerpt":"Om oss","_links":{"self":[{"href":"https:\/\/knutespensionat.com\/en\/wp-json\/wp\/v2\/pages\/516","targetHints":{"allow":["GET"]}}],"collection":[{"href":"https:\/\/knutespensionat.com\/en\/wp-json\/wp\/v2\/pages"}],"about":[{"href":"https:\/\/knutespensionat.com\/en\/wp-json\/wp\/v2\/types\/page"}],"author":[{"embeddable":true,"href":"https:\/\/knutespensionat.com\/en\/wp-json\/wp\/v2\/users\/1"}],"replies":[{"embeddable":true,"href":"https:\/\/knutespensionat.com\/en\/wp-json\/wp\/v2\/comments?post=516"}],"version-history":[{"count":35,"href":"https:\/\/knutespensionat.com\/en\/wp-json\/wp\/v2\/pages\/516\/revisions"}],"predecessor-version":[{"id":1908,"href":"https:\/\/knutespensionat.com\/en\/wp-json\/wp\/v2\/pages\/516\/revisions\/1908"}],"wp:attachment":[{"href":"https:\/\/knutespensionat.com\/en\/wp-json\/wp\/v2\/media?parent=516"}],"curies":[{"name":"wp","href":"https:\/\/api.w.org\/{rel}","templated":true}]}}