{"id":1554,"date":"2024-12-30T17:21:49","date_gmt":"2024-12-30T17:21:49","guid":{"rendered":"https:\/\/knutespensionat.com\/?page_id=1554"},"modified":"2025-03-07T14:07:45","modified_gmt":"2025-03-07T14:07:45","slug":"boka","status":"publish","type":"page","link":"https:\/\/knutespensionat.com\/en\/boka\/","title":{"rendered":"Book now"},"content":{"rendered":"\n<div class=\"wp-block-uagb-container uagb-block-4c857e5d alignfull uagb-is-root-container\"><div class=\"uagb-container-inner-blocks-wrap\">\n<div class=\"wp-block-uagb-advanced-heading uagb-block-b9fc3503\"><h1 class=\"uagb-heading-text\">Boka nu<\/h1><\/div>\n<\/div><\/div>\n\n\n\n<div class=\"wp-block-uagb-container uagb-block-7b35dee2 alignfull uagb-is-root-container\"><div class=\"uagb-container-inner-blocks-wrap\">\n<div class=\"wrap plugin-container\">\n\n\t\n\t\n\t\t<div class=\"vbo-js-helpers\" style=\"display: none;\">\n\t\t<div class=\"vbo-add-element-html\">\n\t\t\t<div class=\"vbo-search-num-aduchild-entry\">\n\t\t\t\t<span class=\"vbo-search-roomnum\">Room %d<\/span>\n\t\t\t\t<div class=\"vbo-search-num-adults-entry\">\n\t\t\t\t\t<label class=\"vbo-search-num-adults-entry-label\">Guests<\/label>\n\t\t\t\t\t<span class=\"vbo-search-num-adults-entry-inp\"><select name=\"adults[]\"><option value=\"1\">1<\/option><option value=\"2\">2<\/option><option value=\"3\">3<\/option><option value=\"4\">4<\/option><option value=\"5\">5<\/option><option value=\"6\">6<\/option><option value=\"7\">7<\/option><option value=\"8\">8<\/option><option value=\"9\">9<\/option><option value=\"10\">10<\/option><\/select><\/span>\n\t\t\t\t<\/div>\n\t\t\t\t\t\t<\/div>\n\t\t<\/div>\n\t<\/div>\n\n\t<script type=\"text\/javascript\">\n\tfunction vbAddElement() {\n\t\tvar ni = document.getElementById('vbo-search-num-aduchild-block');\n\t\tvar numi = document.getElementById('vbroomhelper');\n\t\tvar num = (document.getElementById('vbroomhelper').value -1)+ 2;\n\t\tnumi.value = num;\n\t\tvar newdiv = document.createElement('div');\n\t\tvar divIdName = 'vb'+num+'racont';\n\t\tnewdiv.setAttribute('id', divIdName);\n\t\tvar new_element_html = document.getElementsByClassName('vbo-add-element-html')[0].innerHTML;\n\t\tvar rp_rgx = new RegExp('%d', 'g');\n\t\tnewdiv.innerHTML = new_element_html.replace(rp_rgx, num);\n\t\tni.appendChild(newdiv);\n\t}\n\tfunction vbSetRoomsAdults(totrooms) {\n\t\tvar actrooms = parseInt(document.getElementById('vbroomhelper').value);\n\t\tvar torooms = parseInt(totrooms);\n\t\tvar difrooms;\n\t\tif(torooms > actrooms) {\n\t\t\tdifrooms = torooms - actrooms;\n\t\t\tfor(var ir = 1; ir <= difrooms; ir++) {\n\t\t\t\tvbAddElement();\n\t\t\t}\n\t\t}\n\t\tif(torooms < actrooms) {\n\t\t\tfor(var ir = actrooms; ir > torooms; ir--) {\n\t\t\t\tif(ir > 1) {\n\t\t\t\t\tvar rmra = document.getElementById('vb' + ir + 'racont');\n\t\t\t\t\trmra.parentNode.removeChild(rmra);\n\t\t\t\t}\n\t\t\t}\n\t\t\tdocument.getElementById('vbroomhelper').value = torooms;\n\t\t}\n\t}\n\tfunction vbCalcNights() {\n\t\tvar vbcheckin = document.getElementById('checkindate').value;\n\t\tvar vbcheckout = document.getElementById('checkoutdate').value;\n\t\tif (vbcheckin.length > 0 && vbcheckout.length > 0) {\n\t\t\tvar vbcheckinp = vbcheckin.split(\"\/\");\n\t\t\tvar vbcheckoutp = vbcheckout.split(\"\/\");\n\t\t\t\t\tvar vbinmonth = parseInt(vbcheckinp[1]);\n\t\t\tvbinmonth = vbinmonth - 1;\n\t\t\tvar vbinday = parseInt(vbcheckinp[0], 10);\n\t\t\tvar vbcheckind = new Date(vbcheckinp[2], vbinmonth, vbinday);\n\t\t\tvar vboutmonth = parseInt(vbcheckoutp[1]);\n\t\t\tvboutmonth = vboutmonth - 1;\n\t\t\tvar vboutday = parseInt(vbcheckoutp[0], 10);\n\t\t\tvar vbcheckoutd = new Date(vbcheckoutp[2], vboutmonth, vboutday);\n\t\t\t\t\t\tvar vbdivider = 1000 * 60 * 60 * 24;\n\t\t\tvar vbints = vbcheckind.getTime();\n\t\t\tvar vboutts = vbcheckoutd.getTime();\n\t\t\tif(vboutts > vbints) {\n\t\t\t\t\/\/var vbnights = Math.ceil((vboutts - vbints) \/ (vbdivider));\n\t\t\t\tvar utc1 = Date.UTC(vbcheckind.getFullYear(), vbcheckind.getMonth(), vbcheckind.getDate());\n\t\t\t\tvar utc2 = Date.UTC(vbcheckoutd.getFullYear(), vbcheckoutd.getMonth(), vbcheckoutd.getDate());\n\t\t\t\tvar vbnights = Math.ceil((utc2 - utc1) \/ vbdivider);\n\t\t\t\tif(vbnights > 0) {\n\t\t\t\t\tdocument.getElementById('vbjstotnights').innerHTML = 'Nights: '+vbnights;\n\t\t\t\t} else {\n\t\t\t\t\tdocument.getElementById('vbjstotnights').innerHTML = '';\n\t\t\t\t}\n\t\t\t} else {\n\t\t\t\tdocument.getElementById('vbjstotnights').innerHTML = '';\n\t\t\t}\n\t\t} else {\n\t\t\tdocument.getElementById('vbjstotnights').innerHTML = '';\n\t\t}\n\t}\n\t<\/script>\n\t<input type=\"hidden\" id=\"vbroomhelper\" value=\"1\"\/>\n\t\t<div class=\"vbo-intro-main\"><\/div>\n\t<div class=\"vbdivsearch vbo-search-mainview\"><form action=\"https:\/\/knutespensionat.com\/en\/boka\/?option=com_vikbooking\" method=\"post\"><div class=\"vb-search-inner\">\n<input type=\"hidden\" name=\"option\" value=\"com_vikbooking\"\/>\n<input type=\"hidden\" name=\"task\" value=\"search\"\/>\n<div class=\"vbo-search-inpblock vbo-search-inpblock-checkin\"><label for=\"checkindate\">Check-in date<\/label><div class=\"input-group\"><input type=\"text\" name=\"checkindate\" id=\"checkindate\" size=\"10\" autocomplete=\"off\" onfocus=\"this.blur();\" readonly\/><i class=\"far fa-calendar-alt vbo-caltrigger\"><\/i><\/div><input type=\"hidden\" name=\"checkinh\" value=\"15\"\/><input type=\"hidden\" name=\"checkinm\" value=\"0\"\/><\/div>\n<div class=\"vbo-search-inpblock vbo-search-inpblock-checkout\"><label for=\"checkoutdate\">Check-out date<\/label><div class=\"input-group\"><input type=\"text\" name=\"checkoutdate\" id=\"checkoutdate\" size=\"10\" autocomplete=\"off\" onfocus=\"this.blur();\" readonly\/><i class=\"far fa-calendar-alt vbo-caltrigger\"><\/i><\/div><input type=\"hidden\" name=\"checkouth\" value=\"12\"\/><input type=\"hidden\" name=\"checkoutm\" value=\"0\"\/><\/div>\n<div class=\"vbo-search-num-racblock\">\n\t<div class=\"vbo-search-num-rooms\"><label for=\"vbo-roomsnum\">Rooms<\/label><select id=\"vbo-roomsnum\" name=\"roomsnum\" onchange=\"vbSetRoomsAdults(this.value);\">\n<option value=\"1\">1<\/option>\n<option value=\"2\">2<\/option>\n<option value=\"3\">3<\/option>\n<option value=\"4\">4<\/option>\n<option value=\"5\">5<\/option>\n<option value=\"6\">6<\/option>\n<option value=\"7\">7<\/option>\n<option value=\"8\">8<\/option>\n<\/select>\n<\/div>\n\t<div class=\"vbo-search-num-aduchild-block\" id=\"vbo-search-num-aduchild-block\">\n\t\t<div class=\"vbo-search-num-aduchild-entry\"><span class=\"vbo-search-roomnum\">Room 1<\/span>\n\t\t\t<div class=\"vbo-search-num-adults-entry\"><label class=\"vbo-search-num-adults-entry-label\">Guests<\/label><span class=\"vbo-search-num-adults-entry-inp\"><select name=\"adults[]\"><option value=\"1\">1<\/option><option value=\"2\">2<\/option><option value=\"3\">3<\/option><option value=\"4\">4<\/option><option value=\"5\">5<\/option><option value=\"6\">6<\/option><option value=\"7\">7<\/option><option value=\"8\">8<\/option><option value=\"9\">9<\/option><option value=\"10\">10<\/option><\/select><\/span><\/div>\n\t\t<\/div>\n\t<\/div>\n\t<div id=\"vbjstotnights\"><\/div>\n<\/div>\n<div class=\"vbo-search-submit\"><button type=\"submit\" class=\"btn vbo-pref-color-btn\">Search<\/button><\/div>\n<\/div>\n<\/form><\/div>\t<div class=\"vbo-closing-main\"><\/div>\n\n\t<script type=\"text\/javascript\">\n\tjQuery(function() {\n\t\tjQuery('.vbo-search-submit').find('button[type=\"submit\"]').on('click', function(e) {\n\t\t\te.preventDefault();\n\t\t\tjQuery(this).prop('disabled', true);\n\t\t\tjQuery(this).html('<i class=\"fas fa-circle-notch fa-spin fa-fw\"><\/i> ' + jQuery(this).text());\n\t\t\tjQuery(this).closest('form').submit();\n\t\t});\n\t});\n\t<\/script>\n\n\t\n<\/div>\n\n<\/div><\/div>\n\n\n\n<div class=\"wp-block-uagb-container uagb-block-ff50f0e4 alignfull uagb-is-root-container\"><div class=\"uagb-container-inner-blocks-wrap\">\n<div class=\"wp-block-uagb-container uagb-block-00962593\">\n<div class=\"wp-block-uagb-info-box uagb-block-6b6c850e uagb-infobox__content-wrap  uagb-infobox-icon-left uagb-infobox-left uagb-infobox-stacked-mobile uagb-infobox-image-valign-top\"><div class=\"uagb-ifb-icon-wrap\"><svg xmlns=\"https:\/\/www.w3.org\/2000\/svg\" viewBox=\"0 0 384 512\"><path d=\"M168.3 499.2C116.1 435 0 279.4 0 192C0 85.96 85.96 0 192 0C298 0 384 85.96 384 192C384 279.4 267 435 215.7 499.2C203.4 514.5 180.6 514.5 168.3 499.2H168.3zM192 256C227.3 256 256 227.3 256 192C256 156.7 227.3 128 192 128C156.7 128 128 156.7 128 192C128 227.3 156.7 256 192 256z\"><\/path><\/svg><\/div><div class=\"uagb-ifb-content\"><div class=\"uagb-ifb-title-wrap\"><h6 class=\"uagb-ifb-title-prefix\">Hitta oss<\/h6><h3 class=\"uagb-ifb-title\">Svansele 112, 936 93 Boliden<\/h3><\/div><div class=\"uagb-ifb-button-wrapper wp-block-button\"><a href=\"https:\/\/www.google.com\/maps\/place\/Knutes+pensionat\/@64.9835312,19.8377665,17z\/data=!3m1!4b1!4m9!3m8!1s0x467939c4ed02a9c7:0x661532eaff7827f4!5m2!4m1!1i2!8m2!3d64.983529!4d19.8403414!16s%2Fg%2F11b73qwfx9?hl=sv&amp;entry=ttu&amp;g_ep=EgoyMDI0MTIxMS4wIKXMDSoASAFQAw%3D%3D\" target=\"_self\" onclick=\"return true;\" class=\"uagb-infobox-cta-link\" rel=\"noopener noreferrer\"><span class=\"uagb-inline-editing\">Hitta oss p\u00e5 Google Maps<\/span><svg xmlns=\"https:\/\/www.w3.org\/2000\/svg\" viewBox=\"0 0 320 512\"><path d=\"M320 144C320 223.5 255.5 288 176 288C96.47 288 32 223.5 32 144C32 64.47 96.47 0 176 0C255.5 0 320 64.47 320 144zM192 64C192 55.16 184.8 48 176 48C122.1 48 80 90.98 80 144C80 152.8 87.16 160 96 160C104.8 160 112 152.8 112 144C112 108.7 140.7 80 176 80C184.8 80 192 72.84 192 64zM144 480V317.1C154.4 319 165.1 319.1 176 319.1C186.9 319.1 197.6 319 208 317.1V480C208 497.7 193.7 512 176 512C158.3 512 144 497.7 144 480z\"><\/path><\/svg><\/a><\/div><\/div><\/div>\n<\/div>\n\n\n\n<div class=\"wp-block-uagb-container uagb-block-3bdba152\">\n<div class=\"wp-block-uagb-info-box uagb-block-8eff4db8 uagb-infobox__content-wrap  uagb-infobox-icon-left uagb-infobox-left uagb-infobox-stacked-mobile uagb-infobox-image-valign-top\"><div class=\"uagb-ifb-icon-wrap\"><svg xmlns=\"https:\/\/www.w3.org\/2000\/svg\" viewBox=\"0 0 512 512\"><path d=\"M511.2 387l-23.25 100.8c-3.266 14.25-15.79 24.22-30.46 24.22C205.2 512 0 306.8 0 54.5c0-14.66 9.969-27.2 24.22-30.45l100.8-23.25C139.7-2.602 154.7 5.018 160.8 18.92l46.52 108.5c5.438 12.78 1.77 27.67-8.98 36.45L144.5 207.1c33.98 69.22 90.26 125.5 159.5 159.5l44.08-53.8c8.688-10.78 23.69-14.51 36.47-8.975l108.5 46.51C506.1 357.2 514.6 372.4 511.2 387z\"><\/path><\/svg><\/div><div class=\"uagb-ifb-content\"><div class=\"uagb-ifb-title-wrap\"><h6 class=\"uagb-ifb-title-prefix\">Ring eller maila oss<\/h6><h3 class=\"uagb-ifb-title\">0915-21003<\/h3><\/div><div class=\"uagb-ifb-button-wrapper wp-block-button\"><a href=\"mailto:info@svansele.com\" class=\"uagb-infobox-cta-link wp-block-button__link\" target=\"_self\" rel=\"noopener noreferrer\" onclick=\"return true;\"><span class=\"uagb-inline-editing\">info@svansele.com<\/span><svg xmlns=\"https:\/\/www.w3.org\/2000\/svg\" viewBox=\"0 0 512 512\"><path d=\"M464 64C490.5 64 512 85.49 512 112C512 127.1 504.9 141.3 492.8 150.4L275.2 313.6C263.8 322.1 248.2 322.1 236.8 313.6L19.2 150.4C7.113 141.3 0 127.1 0 112C0 85.49 21.49 64 48 64H464zM217.6 339.2C240.4 356.3 271.6 356.3 294.4 339.2L512 176V384C512 419.3 483.3 448 448 448H64C28.65 448 0 419.3 0 384V176L217.6 339.2z\"><\/path><\/svg><\/a><\/div><\/div><\/div>\n<\/div>\n\n\n\n<div class=\"wp-block-uagb-container uagb-block-47cf1f7c\">\n<div class=\"wp-block-uagb-advanced-heading uagb-block-c8a53aea\"><h6 class=\"uagb-heading-text\">Checka-in<\/h6><p class=\"uagb-desc-text\">Vi har ingen bemannad reception utan du kommer in p\u00e5 pensionatet genom en nyckelkod. All info om detta f\u00e5r du s\u00e5klart i ditt bokningsmail.<\/p><\/div>\n<\/div>\n<\/div><\/div>\n\n\n\n<div class=\"wp-block-uagb-container uagb-block-bf8c6361 alignfull uagb-is-root-container\"><div class=\"uagb-container-inner-blocks-wrap\"><\/div><\/div>\n\n\n\n<div class=\"wp-block-uagb-container uagb-block-9f67f05c alignfull uagb-is-root-container\"><div class=\"uagb-container-inner-blocks-wrap\"><\/div><\/div>\n\n\n\n<div class=\"wp-block-uagb-container uagb-layout-grid uagb-block-aefda904 alignfull uagb-is-root-container\"><div class=\"uagb-container-inner-blocks-wrap\">\n<div class=\"wp-block-uagb-advanced-heading uagb-block-632d2b4b\"><h2 class=\"uagb-heading-text\">Kontakt\u200b<\/h2><p class=\"uagb-desc-text\">Boka g\u00f6r du l\u00e4ttast h\u00e4r, men ifall du har en specialbokning eller skulle vilja kombinera vistelsen med till exempel skoterturer s\u00e5 kan vi \u00e5terkomma till dig med ett paketpris.<\/p><\/div>\n\n\n\n<div class=\"wp-block-uagb-forms uagb-forms__outer-wrap uagb-block-8599dc1c uagb-forms__default-btn\"><form class=\"uagb-forms-main-form\" method=\"post\" autocomplete=\"on\" name=\"uagb-form-8599dc1c\">\n<div class=\"wp-block-uagb-forms-name uagb-forms-name-wrap uagb-forms-field-set uagb-block-24c56da7 uag-col-2\"><div class=\"uagb-forms-name-label required uagb-forms-input-label\" id=\"24c56da7\">F\u00f6rnamn<\/div><input type=\"text\" placeholder=\"\" required class=\"uagb-forms-name-input uagb-forms-input\" name=\"24c56da7\" autocomplete=\"given-name\"\/><\/div>\n\n\n\n<div class=\"wp-block-uagb-forms-name uagb-forms-name-wrap uagb-forms-field-set uagb-block-15c2a20b uag-col-2\"><div class=\"uagb-forms-name-label required uagb-forms-input-label\" id=\"15c2a20b\">Efternamn<\/div><input type=\"text\" placeholder=\"\" required class=\"uagb-forms-name-input uagb-forms-input\" name=\"15c2a20b\" autocomplete=\"family-name\"\/><\/div>\n\n\n\n<div class=\"wp-block-uagb-forms-email uagb-forms-email-wrap uagb-forms-field-set uagb-block-f6c8ca4a\"><div class=\"uagb-forms-email-label required uagb-forms-input-label\" id=\"f6c8ca4a\">Email<\/div><input type=\"email\" class=\"uagb-forms-email-input uagb-forms-input\" placeholder=\"\" required name=\"f6c8ca4a\" autocomplete=\"email\"\/><\/div>\n\n\n\n<div class=\"wp-block-uagb-forms-textarea uagb-forms-textarea-wrap uagb-forms-field-set uagb-block-eb8d55c7\"><div class=\"uagb-forms-textarea-label required uagb-forms-input-label\" id=\"eb8d55c7\">Meddelande<\/div><textarea required class=\"uagb-forms-textarea-input uagb-forms-input\" rows=\"4\" placeholder=\"\" name=\"eb8d55c7\" autocomplete=\"off\"><\/textarea><\/div>\n<div class=\"uagb-forms-form-hidden-data\"><input type=\"hidden\" class=\"uagb_forms_form_label\" value=\"Spectra Form\"\/><input type=\"hidden\" class=\"uagb_forms_form_id\" value=\"uagb-form-8599dc1c\"\/><\/div><div class=\"uagb-form-reacaptcha-error-8599dc1c\"><\/div><div class=\"uagb-forms-main-submit-button-wrap wp-block-button\"><button class=\"uagb-forms-main-submit-button wp-block-button__link\"><div class=\"uagb-forms-main-submit-button-text\">Skicka<\/div><\/button><\/div><\/form><div class=\"uagb-forms-success-message-8599dc1c uagb-forms-submit-message-hide\"><span>Ditt meddelande \u00e4r skickat! Vi \u00e5terkommer till dig.<\/span><\/div><div class=\"uagb-forms-failed-message-8599dc1c uagb-forms-submit-message-hide\"><span>Det blev tyv\u00e4rr n\u00e5got fel! Testa ring oss p\u00e5 0915-21003 eller maila p\u00e5 info@knutespensionat.com.<\/span><\/div><\/div>\n<\/div><\/div>\n\n\n\n<p><\/p>\n","protected":false},"excerpt":{"rendered":"<p>Boka nu Checka-in Vi har ingen bemannad reception utan du kommer in p\u00e5 pensionatet genom en nyckelkod. All info om detta f\u00e5r du s\u00e5klart i ditt bokningsmail. Kontakt\u200b Boka g\u00f6r du l\u00e4ttast h\u00e4r, men ifall du har en specialbokning eller skulle vilja kombinera vistelsen med till exempel skoterturer s\u00e5 kan vi \u00e5terkomma till dig med [&hellip;]<\/p>\n","protected":false},"author":1,"featured_media":0,"parent":0,"menu_order":0,"comment_status":"closed","ping_status":"closed","template":"","meta":{"_uag_custom_page_level_css":"","site-sidebar-layout":"no-sidebar","site-content-layout":"plain-container","ast-site-content-layout":"normal-width-container","site-content-style":"unboxed","site-sidebar-style":"unboxed","ast-global-header-display":"","ast-banner-title-visibility":"","ast-main-header-display":"","ast-hfb-above-header-display":"","ast-hfb-below-header-display":"","ast-hfb-mobile-header-display":"","site-post-title":"disabled","ast-breadcrumbs-content":"","ast-featured-img":"disabled","footer-sml-layout":"","theme-transparent-header-meta":"enabled","adv-header-id-meta":"","stick-header-meta":"","header-above-stick-meta":"","header-main-stick-meta":"","header-below-stick-meta":"","astra-migrate-meta-layouts":"set","ast-page-background-enabled":"default","ast-page-background-meta":{"desktop":{"background-color":"","background-image":"","background-repeat":"repeat","background-position":"center center","background-size":"auto","background-attachment":"scroll","background-type":"","background-media":"","overlay-type":"","overlay-color":"","overlay-opacity":"","overlay-gradient":""},"tablet":{"background-color":"","background-image":"","background-repeat":"repeat","background-position":"center center","background-size":"auto","background-attachment":"scroll","background-type":"","background-media":"","overlay-type":"","overlay-color":"","overlay-opacity":"","overlay-gradient":""},"mobile":{"background-color":"","background-image":"","background-repeat":"repeat","background-position":"center center","background-size":"auto","background-attachment":"scroll","background-type":"","background-media":"","overlay-type":"","overlay-color":"","overlay-opacity":"","overlay-gradient":""}},"ast-content-background-meta":{"desktop":{"background-color":"var(--ast-global-color-5)","background-image":"","background-repeat":"repeat","background-position":"center center","background-size":"auto","background-attachment":"scroll","background-type":"","background-media":"","overlay-type":"","overlay-color":"","overlay-opacity":"","overlay-gradient":""},"tablet":{"background-color":"var(--ast-global-color-5)","background-image":"","background-repeat":"repeat","background-position":"center center","background-size":"auto","background-attachment":"scroll","background-type":"","background-media":"","overlay-type":"","overlay-color":"","overlay-opacity":"","overlay-gradient":""},"mobile":{"background-color":"var(--ast-global-color-5)","background-image":"","background-repeat":"repeat","background-position":"center center","background-size":"auto","background-attachment":"scroll","background-type":"","background-media":"","overlay-type":"","overlay-color":"","overlay-opacity":"","overlay-gradient":""}},"footnotes":""},"class_list":["post-1554","page","type-page","status-publish","hentry"],"yoast_head":"<!-- This site is optimized with the Yoast SEO plugin v25.0 - https:\/\/yoast.com\/wordpress\/plugins\/seo\/ -->\n<title>Boka nu - Knutes pensionat<\/title>\n<meta name=\"robots\" content=\"index, follow, max-snippet:-1, max-image-preview:large, max-video-preview:-1\" \/>\n<link rel=\"canonical\" href=\"https:\/\/knutespensionat.com\/en\/boka\/\" \/>\n<meta property=\"og:locale\" content=\"en_GB\" \/>\n<meta property=\"og:type\" content=\"article\" \/>\n<meta property=\"og:title\" content=\"Boka nu - Knutes pensionat\" \/>\n<meta property=\"og:description\" content=\"Boka nu Checka-in Vi har ingen bemannad reception utan du kommer in p\u00e5 pensionatet genom en nyckelkod. All info om detta f\u00e5r du s\u00e5klart i ditt bokningsmail. Kontakt\u200b Boka g\u00f6r du l\u00e4ttast h\u00e4r, men ifall du har en specialbokning eller skulle vilja kombinera vistelsen med till exempel skoterturer s\u00e5 kan vi \u00e5terkomma till dig med [&hellip;]\" \/>\n<meta property=\"og:url\" content=\"https:\/\/knutespensionat.com\/en\/boka\/\" \/>\n<meta property=\"og:site_name\" content=\"Knutes pensionat\" \/>\n<meta property=\"article:modified_time\" content=\"2025-03-07T14:07:45+00:00\" \/>\n<meta name=\"twitter:card\" content=\"summary_large_image\" \/>\n<meta name=\"twitter:label1\" content=\"Estimated reading time\" \/>\n\t<meta name=\"twitter:data1\" content=\"1 minute\" \/>\n<script type=\"application\/ld+json\" class=\"yoast-schema-graph\">{\"@context\":\"https:\/\/schema.org\",\"@graph\":[{\"@type\":\"WebPage\",\"@id\":\"https:\/\/knutespensionat.com\/boka\/\",\"url\":\"https:\/\/knutespensionat.com\/boka\/\",\"name\":\"Boka nu - Knutes pensionat\",\"isPartOf\":{\"@id\":\"https:\/\/knutespensionat.com\/#website\"},\"datePublished\":\"2024-12-30T17:21:49+00:00\",\"dateModified\":\"2025-03-07T14:07:45+00:00\",\"breadcrumb\":{\"@id\":\"https:\/\/knutespensionat.com\/boka\/#breadcrumb\"},\"inLanguage\":\"en-GB\",\"potentialAction\":[{\"@type\":\"ReadAction\",\"target\":[\"https:\/\/knutespensionat.com\/boka\/\"]}]},{\"@type\":\"BreadcrumbList\",\"@id\":\"https:\/\/knutespensionat.com\/boka\/#breadcrumb\",\"itemListElement\":[{\"@type\":\"ListItem\",\"position\":1,\"name\":\"Hem\",\"item\":\"https:\/\/knutespensionat.com\/\"},{\"@type\":\"ListItem\",\"position\":2,\"name\":\"Boka nu\"}]},{\"@type\":\"WebSite\",\"@id\":\"https:\/\/knutespensionat.com\/#website\",\"url\":\"https:\/\/knutespensionat.com\/\",\"name\":\"Knutes pensionat\",\"description\":\"\",\"publisher\":{\"@id\":\"https:\/\/knutespensionat.com\/#organization\"},\"potentialAction\":[{\"@type\":\"SearchAction\",\"target\":{\"@type\":\"EntryPoint\",\"urlTemplate\":\"https:\/\/knutespensionat.com\/?s={search_term_string}\"},\"query-input\":{\"@type\":\"PropertyValueSpecification\",\"valueRequired\":true,\"valueName\":\"search_term_string\"}}],\"inLanguage\":\"en-GB\"},{\"@type\":\"Organization\",\"@id\":\"https:\/\/knutespensionat.com\/#organization\",\"name\":\"Knutes pensionat\",\"url\":\"https:\/\/knutespensionat.com\/\",\"logo\":{\"@type\":\"ImageObject\",\"inLanguage\":\"en-GB\",\"@id\":\"https:\/\/knutespensionat.com\/#\/schema\/logo\/image\/\",\"url\":\"https:\/\/knutespensionat.com\/wp-content\/uploads\/2024\/12\/cropped-knutes.png\",\"contentUrl\":\"https:\/\/knutespensionat.com\/wp-content\/uploads\/2024\/12\/cropped-knutes.png\",\"width\":600,\"height\":600,\"caption\":\"Knutes pensionat\"},\"image\":{\"@id\":\"https:\/\/knutespensionat.com\/#\/schema\/logo\/image\/\"}}]}<\/script>\n<!-- \/ Yoast SEO plugin. -->","yoast_head_json":{"title":"Boka nu - Knutes pensionat","robots":{"index":"index","follow":"follow","max-snippet":"max-snippet:-1","max-image-preview":"max-image-preview:large","max-video-preview":"max-video-preview:-1"},"canonical":"https:\/\/knutespensionat.com\/en\/boka\/","og_locale":"en_GB","og_type":"article","og_title":"Boka nu - Knutes pensionat","og_description":"Boka nu Checka-in Vi har ingen bemannad reception utan du kommer in p\u00e5 pensionatet genom en nyckelkod. All info om detta f\u00e5r du s\u00e5klart i ditt bokningsmail. Kontakt\u200b Boka g\u00f6r du l\u00e4ttast h\u00e4r, men ifall du har en specialbokning eller skulle vilja kombinera vistelsen med till exempel skoterturer s\u00e5 kan vi \u00e5terkomma till dig med [&hellip;]","og_url":"https:\/\/knutespensionat.com\/en\/boka\/","og_site_name":"Knutes pensionat","article_modified_time":"2025-03-07T14:07:45+00:00","twitter_card":"summary_large_image","twitter_misc":{"Estimated reading time":"1 minute"},"schema":{"@context":"https:\/\/schema.org","@graph":[{"@type":"WebPage","@id":"https:\/\/knutespensionat.com\/boka\/","url":"https:\/\/knutespensionat.com\/boka\/","name":"Boka nu - Knutes pensionat","isPartOf":{"@id":"https:\/\/knutespensionat.com\/#website"},"datePublished":"2024-12-30T17:21:49+00:00","dateModified":"2025-03-07T14:07:45+00:00","breadcrumb":{"@id":"https:\/\/knutespensionat.com\/boka\/#breadcrumb"},"inLanguage":"en-GB","potentialAction":[{"@type":"ReadAction","target":["https:\/\/knutespensionat.com\/boka\/"]}]},{"@type":"BreadcrumbList","@id":"https:\/\/knutespensionat.com\/boka\/#breadcrumb","itemListElement":[{"@type":"ListItem","position":1,"name":"Hem","item":"https:\/\/knutespensionat.com\/"},{"@type":"ListItem","position":2,"name":"Boka nu"}]},{"@type":"WebSite","@id":"https:\/\/knutespensionat.com\/#website","url":"https:\/\/knutespensionat.com\/","name":"Knutes pensionat","description":"","publisher":{"@id":"https:\/\/knutespensionat.com\/#organization"},"potentialAction":[{"@type":"SearchAction","target":{"@type":"EntryPoint","urlTemplate":"https:\/\/knutespensionat.com\/?s={search_term_string}"},"query-input":{"@type":"PropertyValueSpecification","valueRequired":true,"valueName":"search_term_string"}}],"inLanguage":"en-GB"},{"@type":"Organization","@id":"https:\/\/knutespensionat.com\/#organization","name":"Knutes pensionat","url":"https:\/\/knutespensionat.com\/","logo":{"@type":"ImageObject","inLanguage":"en-GB","@id":"https:\/\/knutespensionat.com\/#\/schema\/logo\/image\/","url":"https:\/\/knutespensionat.com\/wp-content\/uploads\/2024\/12\/cropped-knutes.png","contentUrl":"https:\/\/knutespensionat.com\/wp-content\/uploads\/2024\/12\/cropped-knutes.png","width":600,"height":600,"caption":"Knutes pensionat"},"image":{"@id":"https:\/\/knutespensionat.com\/#\/schema\/logo\/image\/"}}]}},"uagb_featured_image_src":{"full":false,"thumbnail":false,"medium":false,"medium_large":false,"large":false,"1536x1536":false,"2048x2048":false,"trp-custom-language-flag":false},"uagb_author_info":{"display_name":"admin","author_link":"https:\/\/knutespensionat.com\/en\/author\/admin\/"},"uagb_comment_info":0,"uagb_excerpt":"Boka nu Checka-in Vi har ingen bemannad reception utan du kommer in p\u00e5 pensionatet genom en nyckelkod. All info om detta f\u00e5r du s\u00e5klart i ditt bokningsmail. Kontakt\u200b Boka g\u00f6r du l\u00e4ttast h\u00e4r, men ifall du har en specialbokning eller skulle vilja kombinera vistelsen med till exempel skoterturer s\u00e5 kan vi \u00e5terkomma till dig med&hellip;","_links":{"self":[{"href":"https:\/\/knutespensionat.com\/en\/wp-json\/wp\/v2\/pages\/1554","targetHints":{"allow":["GET"]}}],"collection":[{"href":"https:\/\/knutespensionat.com\/en\/wp-json\/wp\/v2\/pages"}],"about":[{"href":"https:\/\/knutespensionat.com\/en\/wp-json\/wp\/v2\/types\/page"}],"author":[{"embeddable":true,"href":"https:\/\/knutespensionat.com\/en\/wp-json\/wp\/v2\/users\/1"}],"replies":[{"embeddable":true,"href":"https:\/\/knutespensionat.com\/en\/wp-json\/wp\/v2\/comments?post=1554"}],"version-history":[{"count":19,"href":"https:\/\/knutespensionat.com\/en\/wp-json\/wp\/v2\/pages\/1554\/revisions"}],"predecessor-version":[{"id":1754,"href":"https:\/\/knutespensionat.com\/en\/wp-json\/wp\/v2\/pages\/1554\/revisions\/1754"}],"wp:attachment":[{"href":"https:\/\/knutespensionat.com\/en\/wp-json\/wp\/v2\/media?parent=1554"}],"curies":[{"name":"wp","href":"https:\/\/api.w.org\/{rel}","templated":true}]}}